{"id":1139,"date":"2023-03-10T15:29:54","date_gmt":"2023-03-10T13:29:54","guid":{"rendered":"https:\/\/www.clinident.fi\/www\/?page_id=1139"},"modified":"2026-01-26T00:43:51","modified_gmt":"2026-01-25T22:43:51","slug":"yritys","status":"publish","type":"page","link":"https:\/\/www.clinident.fi\/www\/yritys\/","title":{"rendered":"Yritys"},"content":{"rendered":"\n<p class=\"has-medium-font-size\"><strong>Arvot<\/strong><\/p>\n\n\n\n<p><em>Yrityksemme arvot ovat hyv\u00e4 laatu, erinomainen palvelu ja edell\u00e4k\u00e4vijyys osaamisessa.<\/em><\/p>\n\n\n\n<br>\n\n\n\n<p class=\"has-medium-font-size\"><strong>Henkil\u00f6kunta<\/strong><\/p>\n\n\n\n<div class=\"wp-block-group is-nowrap is-layout-flex wp-container-2 wp-block-group-is-layout-flex\">\n<figure class=\"wp-block-image alignleft size-large is-resized is-style-rounded\"><a href=\"https:\/\/mlmp3ufxmrke.i.optimole.com\/cb:Lcz9.50a86\/w:auto\/h:auto\/q:mauto\/f:avif\/https:\/\/www.clinident.fi\/www\/wp-content\/uploads\/2017\/06\/katriluukkonen-15-oma-kuva.jpg\"><img decoding=\"async\" width=\"1020\" height=\"1530\" class=\"wp-image-1023\" style=\"width: 255px; height: 383px;\" src=\"https:\/\/mlmp3ufxmrke.i.optimole.com\/cb:Lcz9.50a86\/w:720\/h:1080\/q:mauto\/f:avif\/https:\/\/www.clinident.fi\/www\/wp-content\/uploads\/2017\/06\/katriluukkonen-15-oma-kuva.jpg\" alt=\"\" \/><\/a>\n<figcaption class=\"wp-element-caption\">Katri Luukkonen &#8211; Hammasl\u00e4\u00e4k\u00e4ri<\/figcaption>\n<\/figure>\n\n\n\n<div class=\"wp-block-group is-nowrap is-layout-flex wp-container-1 wp-block-group-is-layout-flex\">\n<figure class=\"wp-block-image alignleft size-large is-resized is-style-rounded\"><a href=\"https:\/\/mlmp3ufxmrke.i.optimole.com\/cb:Lcz9.50a86\/w:auto\/h:auto\/q:mauto\/f:avif\/https:\/\/www.clinident.fi\/www\/wp-content\/uploads\/2017\/06\/0G7A3596_ulla.jpg\"><img decoding=\"async\" width=\"1020\" height=\"1530\" class=\"wp-image-923\" style=\"width: 255px; height: 381px;\" src=\"https:\/\/mlmp3ufxmrke.i.optimole.com\/cb:Lcz9.50a86\/w:720\/h:1080\/q:mauto\/f:avif\/https:\/\/www.clinident.fi\/www\/wp-content\/uploads\/2017\/06\/0G7A3596_ulla.jpg\" alt=\"\" \/><\/a>\n<figcaption class=\"wp-element-caption\">Ulla Kilpinen &#8211; Hammasl\u00e4\u00e4k\u00e4ri<\/figcaption>\n<\/figure>\n<\/div>\n<\/div>\n\n\n\n<div class=\"wp-block-group is-nowrap is-layout-flex wp-container-3 wp-block-group-is-layout-flex\">\n<figure class=\"wp-block-image size-large is-resized is-style-rounded\"><a href=\"https:\/\/mlmp3ufxmrke.i.optimole.com\/cb:Lcz9.50a86\/w:auto\/h:auto\/q:mauto\/f:avif\/https:\/\/www.clinident.fi\/www\/wp-content\/uploads\/2017\/06\/0G7A3661_tuula.jpg\"><img decoding=\"async\" width=\"1020\" height=\"1530\" src=\"https:\/\/mlmp3ufxmrke.i.optimole.com\/cb:Lcz9.50a86\/w:720\/h:1080\/q:mauto\/f:avif\/https:\/\/www.clinident.fi\/www\/wp-content\/uploads\/2017\/06\/0G7A3661_tuula.jpg\" alt=\"\" class=\"wp-image-922\" style=\"width:255px;height:383px\"\/><\/a><figcaption class=\"wp-element-caption\">Tuula &#8211; Hammashoitaja<\/figcaption><\/figure>\n<\/div>\n\n\n\n<div class=\"wp-block-group is-nowrap is-layout-flex wp-container-4 wp-block-group-is-layout-flex\">\n<figure class=\"wp-block-image alignleft size-large is-resized is-style-rounded\"><a href=\"https:\/\/mlmp3ufxmrke.i.optimole.com\/cb:Lcz9.50a86\/w:auto\/h:auto\/q:mauto\/f:avif\/https:\/\/www.clinident.fi\/www\/wp-content\/uploads\/2026\/01\/IMG_0017.jpeg\"><img data-opt-src=\"https:\/\/mlmp3ufxmrke.i.optimole.com\/cb:Lcz9.50a86\/w:632\/h:948\/q:mauto\/f:avif\/https:\/\/www.clinident.fi\/www\/wp-content\/uploads\/2026\/01\/IMG_0017.jpeg\"  decoding=\"async\" class=\"aligncenter wp-image-2148 size-medium\" style=\"width: 255px; height: 383px;\" src=\"data:image/svg+xml,%3Csvg%20viewBox%3D%220%200%20632%20948%22%20width%3D%22632%22%20height%3D%22948%22%20xmlns%3D%22http%3A%2F%2Fwww.w3.org%2F2000%2Fsvg%22%3E%3C%2Fsvg%3E\" alt=\"\" width=\"632\" height=\"948\" \/><\/a>\n<figcaption class=\"wp-element-caption\">Joel Mustonen &#8211; Suuhygienisti<\/figcaption>\n<\/figure>\n<\/div>\n","protected":false},"excerpt":{"rendered":"<p>Arvot Yrityksemme arvot ovat hyv\u00e4 laatu, erinomainen palvelu ja edell\u00e4k\u00e4vijyys osaamisessa. Henkil\u00f6kunta Katri Luukkonen &#8211; Hammasl\u00e4\u00e4k\u00e4ri Ulla Kilpinen &#8211; Hammasl\u00e4\u00e4k\u00e4ri Tuula &#8211; Hammashoitaja Joel Mustonen &#8211; Suuhygienisti<\/p>\n","protected":false},"author":1,"featured_media":0,"parent":0,"menu_order":0,"comment_status":"closed","ping_status":"closed","template":"","meta":{"_themeisle_gutenberg_block_has_review":false,"footnotes":""},"acf":[],"_links":{"self":[{"href":"https:\/\/www.clinident.fi\/www\/wp-json\/wp\/v2\/pages\/1139"}],"collection":[{"href":"https:\/\/www.clinident.fi\/www\/wp-json\/wp\/v2\/pages"}],"about":[{"href":"https:\/\/www.clinident.fi\/www\/wp-json\/wp\/v2\/types\/page"}],"author":[{"embeddable":true,"href":"https:\/\/www.clinident.fi\/www\/wp-json\/wp\/v2\/users\/1"}],"replies":[{"embeddable":true,"href":"https:\/\/www.clinident.fi\/www\/wp-json\/wp\/v2\/comments?post=1139"}],"version-history":[{"count":9,"href":"https:\/\/www.clinident.fi\/www\/wp-json\/wp\/v2\/pages\/1139\/revisions"}],"predecessor-version":[{"id":2163,"href":"https:\/\/www.clinident.fi\/www\/wp-json\/wp\/v2\/pages\/1139\/revisions\/2163"}],"wp:attachment":[{"href":"https:\/\/www.clinident.fi\/www\/wp-json\/wp\/v2\/media?parent=1139"}],"curies":[{"name":"wp","href":"https:\/\/api.w.org\/{rel}","templated":true}]}}