{"id":1136,"date":"2023-03-10T15:29:53","date_gmt":"2023-03-10T13:29:53","guid":{"rendered":"https:\/\/www.clinident.fi\/www\/?page_id=1136"},"modified":"2023-03-20T13:47:39","modified_gmt":"2023-03-20T11:47:39","slug":"implantit-ja-proteesit","status":"publish","type":"page","link":"https:\/\/www.clinident.fi\/www\/implantit-ja-proteesit\/","title":{"rendered":"Implantit ja proteesit"},"content":{"rendered":"\n<div id=\"wp-block-themeisle-blocks-slider-fb9df151\" class=\"wp-block-themeisle-blocks-slider glide\" data-per-view=\"1\" data-gap=\"0\" data-peek=\"0\" data-autoplay=\"true\" data-height=\"400px\" data-hide-arrows=\"false\"><div class=\"glide__track\" data-glide-el=\"track\"><div class=\"glide__slides\"><div class=\"wp-block-themeisle-blocks-slider-item-wrapper glide__slide\" tabindex=\"0\"><figure><img decoding=\"async\" class=\"wp-block-themeisle-blocks-slider-item\" src=\"https:\/\/mlmp3ufxmrke.i.optimole.com\/cb:Lcz9.50a86\/w:auto\/h:auto\/q:mauto\/f:avif\/https:\/\/www.clinident.fi\/www\/wp-content\/uploads\/2017\/06\/clinident-11-tilakuva.jpg\" alt=\"\" title=\"\" data-id=\"1013\"\/><\/figure><\/div><div class=\"wp-block-themeisle-blocks-slider-item-wrapper glide__slide\" tabindex=\"0\"><figure><img decoding=\"async\" class=\"wp-block-themeisle-blocks-slider-item\" src=\"https:\/\/mlmp3ufxmrke.i.optimole.com\/cb:Lcz9.50a86\/w:auto\/h:auto\/q:mauto\/f:avif\/https:\/\/www.clinident.fi\/www\/wp-content\/uploads\/2017\/06\/clinident-5-tilakuva.jpg\" alt=\"\" title=\"\" data-id=\"1018\"\/><\/figure><\/div><div class=\"wp-block-themeisle-blocks-slider-item-wrapper glide__slide\" tabindex=\"0\"><figure><img decoding=\"async\" class=\"wp-block-themeisle-blocks-slider-item\" src=\"https:\/\/mlmp3ufxmrke.i.optimole.com\/cb:Lcz9.50a86\/w:auto\/h:auto\/q:mauto\/f:avif\/https:\/\/www.clinident.fi\/www\/wp-content\/uploads\/2023\/03\/kuva.png\" alt=\"\" title=\"\" data-id=\"1185\"\/><\/figure><\/div><\/div><div class=\"glide__bullets\" data-glide-el=\"controls[nav]\"><button class=\"glide__bullet\" data-glide-dir=\"=0\"><\/button><button class=\"glide__bullet\" data-glide-dir=\"=1\"><\/button><button class=\"glide__bullet\" data-glide-dir=\"=2\"><\/button><\/div><\/div><\/div>\n\n\n\n<div id=\"wp-block-themeisle-blocks-advanced-columns-784450ff\" class=\"wp-block-themeisle-blocks-advanced-columns alignfull has-1-columns has-desktop-equal-layout has-tablet-equal-layout has-mobile-collapsedRows-layout has-vertical-center ticss-c00aadba\"><div class=\"wp-block-themeisle-blocks-advanced-columns-overlay\"><\/div><div class=\"innerblocks-wrap\">\n<div id=\"wp-block-themeisle-blocks-advanced-column-d0fbfc0a\" class=\"wp-block-themeisle-blocks-advanced-column\">\n<div id=\"wp-block-themeisle-blocks-advanced-columns-f32a2609\" class=\"wp-block-themeisle-blocks-advanced-columns has-1-columns has-desktop-equal-layout has-tablet-equal-layout has-mobile-equal-layout has-vertical-center\"><div class=\"wp-block-themeisle-blocks-advanced-columns-overlay\"><\/div><div class=\"innerblocks-wrap\">\n<div id=\"wp-block-themeisle-blocks-advanced-column-3567d86b\" class=\"wp-block-themeisle-blocks-advanced-column\">\n<h2 id=\"wp-block-themeisle-blocks-advanced-heading-d5f71f32\" class=\"wp-block-themeisle-blocks-advanced-heading wp-block-themeisle-blocks-advanced-heading-d5f71f32\">Nyt suu kuntoon!<\/h2>\n\n\n\n<p class=\"has-text-align-center\">Hammasl\u00e4\u00e4k\u00e4riasema Clinidentill\u00e4 saatte <strong>laadukkaat implantti- ja proteesihoidot<\/strong>.  <\/p>\n<\/div>\n<\/div><\/div>\n\n\n\n<div id=\"wp-block-themeisle-blocks-advanced-columns-8085ff1f\" class=\"wp-block-themeisle-blocks-advanced-columns has-3-columns has-desktop-equal-layout has-tablet-equal-layout has-mobile-collapsedRows-layout has-vertical-top\"><div class=\"wp-block-themeisle-blocks-advanced-columns-overlay\"><\/div><div class=\"innerblocks-wrap\">\n<div id=\"wp-block-themeisle-blocks-advanced-column-dfb15c39\" class=\"wp-block-themeisle-blocks-advanced-column\">\n<div id=\"wp-block-themeisle-blocks-font-awesome-icons-c5fd27f1\" class=\"wp-block-themeisle-blocks-font-awesome-icons\"><span class=\"wp-block-themeisle-blocks-font-awesome-icons-container\"><svg xmlns=\"http:\/\/www.w3.org\/2000\/svg\" viewBox=\"0 0 1800 1800\"><path d=\"M637.655,1373.291c-17.354,0-31.421-14.067-31.421-31.422V834.407c0-17.355,14.067-31.422,31.421-31.422 c17.355,0,31.422,14.067,31.422,31.422v507.462C669.077,1359.224,655.01,1373.291,637.655,1373.291z\"><\/path><path d=\"M633.451,1373.291c-8.041,0-16.081-3.069-22.218-9.2l-180.151-180.139 c-12.27-12.27-12.272-32.167,0-44.437c12.27-12.273,32.162-12.27,44.436-0.005l180.151,180.139 c12.27,12.27,12.272,32.167,0,44.437C649.535,1370.222,641.493,1373.291,633.451,1373.291z\"><\/path><path d=\"M641.859,1373.291c-8.042,0-16.083-3.069-22.218-9.205c-12.272-12.27-12.27-32.167,0-44.437 l180.151-180.139c12.274-12.265,32.171-12.265,44.436,0.005c12.272,12.27,12.27,32.167,0,44.437l-180.151,180.139 C657.942,1370.222,649.898,1373.291,641.859,1373.291z\"><\/path><path d=\"M1649.069,3.258H626.017c-43.336,0-78.584,35.445-78.584,79.022v180.463H150.931 c-43.34,0-78.597,35.454-78.597,79.026v1138.41v20.796v216.749c0,43.576,35.257,79.018,78.597,79.018h1023.053 c43.33,0,78.58-35.441,78.58-79.018v-51.06h396.518c43.332,0,78.584-35.446,78.584-79.022v-474.521V556.8V82.28 C1727.666,38.704,1692.404,3.258,1649.069,3.258z M1194.333,1717.725c0,11.463-9.123,20.786-20.349,20.786H150.931 c-11.226,0-20.371-9.323-20.371-20.786v-216.749v-20.796V341.77c0-11.458,9.145-20.795,20.371-20.795h396.502h58.231h358.975 v178.622c0,16.166,13.072,29.264,29.199,29.264h200.495v951.32v20.796v107.458v58.231V1717.725z M1023.049,470.322V357.77 l124.375,112.552H1023.049z M1669.436,1113.122v474.521c0,11.463-9.123,20.791-20.354,20.791h-396.518v-107.458v-20.796V501.2 v-3.011c-0.418-8.702-4.578-16.421-10.941-21.51l-47.29-42.784l-124.778-112.92l-56.146-50.796 c-5.023-4.542-11.335-7.041-17.814-7.435h-3.313H605.664V82.28c0-11.467,9.127-20.791,20.353-20.791h1023.052 c11.228,0,20.366,9.324,20.366,20.791V556.8V1113.122z\"><\/path><\/svg><\/span><\/div>\n\n\n\n<h3 id=\"wp-block-themeisle-blocks-advanced-heading-3147d135\" class=\"wp-block-themeisle-blocks-advanced-heading wp-block-themeisle-blocks-advanced-heading-3147d135\">Uusin teknologia ja biohammasl\u00e4\u00e4k\u00e4rin palvelut<\/h3>\n\n\n\n<p class=\"has-text-align-center\">K\u00e4yt\u00e4mme hoidoissamme uusinta teknologiaa ja k\u00e4yt\u00e4mme mahdollisimman luonnollisia aineita hoidoissamme. Biohammasl\u00e4\u00e4k\u00e4rimme Katri Luukkonen hoitaa my\u00f6s haastavammat implantti-, protetiikka- ja purentavaivat.<\/p>\n\n\n\n<div class=\"wp-block-buttons is-vertical is-content-justification-center is-layout-flex wp-container-1 wp-block-buttons-is-layout-flex\">\n<div class=\"wp-block-button is-style-primary is-style-outline\"><a class=\"wp-block-button__link wp-element-button\">SOITA MEILLE P.0103224010<\/a><\/div>\n<\/div>\n<\/div>\n\n\n\n<div id=\"wp-block-themeisle-blocks-advanced-column-ec09b220\" class=\"wp-block-themeisle-blocks-advanced-column ticss-ec09b220\">\n<div id=\"wp-block-themeisle-blocks-font-awesome-icons-1225333d\" class=\"wp-block-themeisle-blocks-font-awesome-icons\"><span class=\"wp-block-themeisle-blocks-font-awesome-icons-container\"><svg xmlns=\"http:\/\/www.w3.org\/2000\/svg\" viewBox=\"0 0 1800 1800\"><path d=\"M955.577,469.95c0.991-11.551-4.471-23.208-15.062-29.614c-5.422-3.281-11.499-4.721-17.316-4.527 c-11.915,0.347-22.164,7.318-27.2,17.36L616.275,915.595c-5.874,9.714-6.063,21.831-0.487,31.72s16.044,16.004,27.394,16.004 h172.294v399.955c0,14.18,9.498,26.612,23.186,30.342c2.742,0.746,5.519,1.105,8.261,1.105c10.941,0,21.356-5.729,27.104-15.504 l309.898-526.839c5.721-9.722,5.796-21.765,0.193-31.557c-5.598-9.792-16.018-15.833-27.297-15.833H955.577V469.95z M1101.838,867.882l-223.467,379.902V931.871c0-17.373-14.079-31.449-31.447-31.449H698.957l193.726-320.252v256.265 c0,17.369,14.079,31.447,31.448,31.447H1101.838z\"><\/path><path d=\"M1507.236,278.071h-346.672V33.419c0-17.369-14.078-31.447-31.447-31.447H670.883 c-17.369,0-31.447,14.079-31.447,31.447v244.652H292.764c-17.369,0-31.447,14.079-31.447,31.447v1457.061 c0,17.374,14.078,31.448,31.447,31.448h1214.473c17.369,0,31.447-14.074,31.447-31.448V309.519 C1538.684,292.15,1524.605,278.071,1507.236,278.071z M702.33,64.867h395.34v213.205H702.33V64.867z M1475.789,1735.132H324.211 v-182.095h1151.578V1735.132z M1475.789,1490.143H324.211V340.966h346.672h458.234h346.672V1490.143z\"><\/path><\/svg><\/span><\/div>\n\n\n\n<h3 id=\"wp-block-themeisle-blocks-advanced-heading-869a9c1f\" class=\"wp-block-themeisle-blocks-advanced-heading wp-block-themeisle-blocks-advanced-heading-869a9c1f\">Veloitukseton konsultaatio perustarkastuksen yhteydess\u00e4<\/h3>\n\n\n\n<p class=\"has-text-align-center\">Osaava henkil\u00f6kuntamme kartoittaa tarpeenne ja huomioi budjettinne toimenpiteiss\u00e4. Varaamalla hammastarkastuksen asiantuntijallemme Katri Luukkoselle, saatte hoidon yhteydess\u00e4 veloituksettoman konsultaation.<\/p>\n\n\n\n<div class=\"wp-block-buttons is-vertical is-content-justification-center is-layout-flex wp-container-2 wp-block-buttons-is-layout-flex\">\n<div class=\"wp-block-button is-style-primary is-style-outline\"><a class=\"wp-block-button__link wp-element-button\" href=\"https:\/\/appointment.assiscare.com\/#clinident\/appointment\">VARAA AIKA KATRILTA PERUSTARKASTUKSEEN JA VELOITUKSETTOMAAN KONSULTAATIOON <\/a><\/div>\n<\/div>\n<\/div>\n\n\n\n<div id=\"wp-block-themeisle-blocks-advanced-column-adbc5601\" class=\"wp-block-themeisle-blocks-advanced-column\">\n<div id=\"wp-block-themeisle-blocks-font-awesome-icons-2851bd4e\" class=\"wp-block-themeisle-blocks-font-awesome-icons\"><span class=\"wp-block-themeisle-blocks-font-awesome-icons-container\"><svg xmlns=\"http:\/\/www.w3.org\/2000\/svg\" viewBox=\"0 0 1800 1800\"><path d=\"M1786.11,816.827c-0.656-2.722-1.644-5.309-2.966-7.695c0-0.009-0.004-0.017-0.004-0.017L1544.37,376.403 c-0.035-0.065-0.069-0.13-0.104-0.196l-0.052-0.091c-0.083-0.152-0.183-0.283-0.266-0.43c-0.073-0.122-0.152-0.244-0.222-0.365 c-0.252-0.426-0.504-0.861-0.782-1.283c-0.101-0.157-0.2-0.317-0.309-0.469c-0.191-0.283-0.404-0.544-0.604-0.813 c-0.287-0.4-0.578-0.8-0.892-1.187c-0.104-0.126-0.204-0.257-0.313-0.383c-0.257-0.313-0.535-0.604-0.805-0.9 c-0.296-0.331-0.587-0.657-0.896-0.974c-0.108-0.108-0.218-0.217-0.33-0.326c-0.331-0.326-0.679-0.635-1.022-0.943 c-0.282-0.256-0.556-0.517-0.848-0.761c-0.13-0.104-0.256-0.208-0.383-0.313c-0.404-0.326-0.821-0.626-1.234-0.93 c-0.261-0.188-0.504-0.387-0.773-0.57c-0.148-0.104-0.305-0.205-0.461-0.309c-0.435-0.283-0.883-0.543-1.331-0.804 c-0.112-0.069-0.226-0.144-0.339-0.209c-0.147-0.083-0.278-0.183-0.422-0.261c-0.013-0.009-0.03-0.013-0.043-0.021 c-0.17-0.092-0.344-0.179-0.514-0.266c-0.387-0.204-0.791-0.387-1.187-0.574c-0.526-0.248-1.052-0.496-1.591-0.717 c-0.356-0.148-0.727-0.27-1.092-0.4c-0.582-0.213-1.161-0.421-1.761-0.6c-0.392-0.117-0.791-0.204-1.183-0.305 c-0.47-0.121-0.931-0.265-1.408-0.36c-0.109-0.026-0.222-0.035-0.335-0.052c-0.426-0.087-0.861-0.139-1.291-0.2 c-0.487-0.078-0.975-0.174-1.461-0.222c0,0-0.03,0-0.044-0.004c-0.052,0-0.104,0-0.156-0.009c-0.521-0.048-1.052-0.061-1.583-0.087 c-0.443-0.018-0.882-0.057-1.321-0.057l-0.087-0.004h-0.087c-0.087,0-0.17,0-0.252,0H931.164V227.699 c46.116-13.509,79.902-56.168,79.902-106.597c0-61.246-49.829-111.075-111.075-111.075c-61.246,0-111.074,49.829-111.074,111.075 c0,50.433,33.794,93.097,79.919,106.605v132.3H283.351c0,0-0.061,0-0.091,0h-0.188h-0.043c-0.644,0-1.287,0.052-1.931,0.091 c-0.305,0.018-0.613,0.022-0.917,0.048c-0.757,0.07-1.509,0.191-2.257,0.313c-0.235,0.043-0.465,0.065-0.695,0.108 c-0.718,0.139-1.426,0.322-2.14,0.509c-0.27,0.074-0.548,0.13-0.817,0.209c-0.7,0.208-1.382,0.452-2.061,0.704 c-0.261,0.1-0.53,0.183-0.787,0.287c-0.635,0.261-1.248,0.548-1.865,0.843c-0.304,0.148-0.617,0.287-0.917,0.443 c-0.196,0.1-0.392,0.196-0.583,0.3c-0.013,0.009-0.031,0.013-0.043,0.021c-0.144,0.078-0.274,0.178-0.422,0.261 c-0.174,0.1-0.339,0.209-0.509,0.309c-0.369,0.222-0.743,0.435-1.1,0.67c-0.174,0.113-0.353,0.226-0.522,0.343 c-0.3,0.205-0.574,0.426-0.861,0.639c-0.37,0.274-0.743,0.535-1.1,0.826c-0.144,0.117-0.287,0.23-0.431,0.348 c-0.313,0.266-0.609,0.543-0.913,0.822c-0.313,0.278-0.626,0.556-0.926,0.852c-0.122,0.117-0.239,0.235-0.361,0.356 c-0.326,0.331-0.63,0.679-0.939,1.022c-0.248,0.274-0.504,0.543-0.739,0.831c-0.113,0.13-0.227,0.27-0.335,0.404 c-0.322,0.399-0.622,0.813-0.917,1.222c-0.191,0.256-0.387,0.5-0.565,0.765c-0.113,0.157-0.218,0.322-0.322,0.483 c-0.278,0.422-0.53,0.856-0.782,1.283c-0.078,0.13-0.156,0.256-0.235,0.387c-0.078,0.144-0.174,0.266-0.252,0.409l-0.052,0.091 c-0.035,0.065-0.069,0.131-0.104,0.196L16.864,809.11c-0.004,0.004-0.008,0.013-0.008,0.021c-1.322,2.387-2.309,4.974-2.965,7.695 c-0.587,2.418-0.9,4.861-0.905,7.296c0,0.013,0,0.026,0,0.039c0,148.932,121.162,270.094,270.092,270.094 c148.925,0,270.086-121.162,270.086-270.094c0-0.013-0.004-0.026-0.004-0.039c0-2.435-0.313-4.878-0.9-7.296 c-0.657-2.722-1.648-5.309-2.965-7.695c-0.004-0.009-0.004-0.017-0.004-0.017L335.862,422.336h532.974v933.441 c0,3.356,0.548,6.582,1.53,9.617c-116.218,12.348-208.584,96.527-226.327,205.889H434.676c-17.212,0-31.165,13.947-31.165,31.164 v156.36c0,17.208,13.952,31.164,31.165,31.164h930.643c17.213,0,31.164-13.956,31.164-31.164v-156.36 c0-17.217-13.951-31.164-31.164-31.164h-209.362c-17.747-109.361-110.109-193.533-226.323-205.889 c0.982-3.035,1.53-6.261,1.53-9.617V422.336h532.974L1250.715,809.11c0,0-0.005,0.013-0.009,0.021 c-1.317,2.387-2.309,4.974-2.965,7.695c-0.587,2.418-0.9,4.861-0.9,7.296c0,0.013-0.004,0.026-0.004,0.039 c0,148.932,121.161,270.094,270.086,270.094c148.931,0,270.092-121.162,270.092-270.094c0-0.013,0-0.026,0-0.039 C1787.01,821.688,1786.697,819.245,1786.11,816.827z M283.072,455.679l186.133,337.319H96.939L283.072,455.679z M283.077,1031.927 c-103.975,0-190.355-76.763-205.433-176.601h410.86C473.427,955.164,387.047,1031.927,283.077,1031.927z M851.245,121.103 c0-26.877,21.869-48.746,48.746-48.746c26.878,0,48.746,21.869,48.746,48.746c0,26.882-21.868,48.755-48.746,48.755 C873.114,169.857,851.245,147.984,851.245,121.103z M1334.155,1727.643H465.84v-94.031h206.333h455.65h206.332V1727.643z M1092.567,1571.283H707.428c18.704-83.589,97.532-145.187,192.567-145.187S1073.859,1487.694,1092.567,1571.283z M1703.061,792.998 h-372.266l186.133-337.319L1703.061,792.998z M1516.923,1031.927c-103.97,0-190.35-76.763-205.428-176.601h410.86 C1707.278,955.164,1620.898,1031.927,1516.923,1031.927z\"><\/path><\/svg><\/span><\/div>\n\n\n\n<h3 id=\"wp-block-themeisle-blocks-advanced-heading-bacc3ab4\" class=\"wp-block-themeisle-blocks-advanced-heading wp-block-themeisle-blocks-advanced-heading-bacc3ab4\">Toimiva purenta v\u00e4hent\u00e4\u00e4 s\u00e4rkyj\u00e4 p\u00e4\u00e4n alueella<\/h3>\n\n\n\n<p class=\"has-text-align-center\">Tasapainoinen purenta on yksi purentaelimist\u00f6n hyv\u00e4n toiminnan kulmakivi lihasten ja nivelten normaalin toiminnan lis\u00e4ksi. Pystymme auttamaan purentaa tasapainoon laadukkaalla implantti- ja proteesihoidolla.<\/p>\n\n\n\n<div class=\"wp-block-buttons is-vertical is-content-justification-center is-layout-flex wp-container-3 wp-block-buttons-is-layout-flex\">\n<div class=\"wp-block-button is-style-primary is-style-outline\"><a class=\"wp-block-button__link wp-element-button\" href=\"tel:0103224010\">KYSY LIS\u00c4\u00c4<\/a><\/div>\n<\/div>\n<\/div>\n<\/div><\/div>\n<\/div>\n<\/div><\/div>\n\n\n\n<div id=\"wp-block-themeisle-blocks-advanced-columns-ae0f2f1c\" class=\"wp-block-themeisle-blocks-advanced-columns alignfull has-3-columns has-desktop-equal-layout has-tablet-equal-layout has-mobile-collapsedRows-layout has-vertical-center ticss-c00aadba has-light-bg\"><div class=\"wp-block-themeisle-blocks-advanced-columns-overlay\"><\/div><div class=\"innerblocks-wrap\">\n<div id=\"wp-block-themeisle-blocks-advanced-column-97bcf7a4\" class=\"wp-block-themeisle-blocks-advanced-column\">\n<figure class=\"wp-block-image alignleft size-large has-custom-border\"><img data-opt-src=\"https:\/\/mlmp3ufxmrke.i.optimole.com\/cb:Lcz9.50a86\/w:720\/h:1080\/q:mauto\/f:avif\/https:\/\/www.clinident.fi\/www\/wp-content\/uploads\/2017\/06\/katriluukkonen-15-oma-kuva.jpg\"  decoding=\"async\" width=\"1020\" height=\"1530\" src=\"data:image/svg+xml,%3Csvg%20viewBox%3D%220%200%201020%201530%22%20width%3D%221020%22%20height%3D%221530%22%20xmlns%3D%22http%3A%2F%2Fwww.w3.org%2F2000%2Fsvg%22%3E%3C%2Fsvg%3E\" alt=\"\" class=\"wp-image-1023\" style=\"border-radius:3px\"\/><\/figure>\n\n\n\n<h3 id=\"wp-block-themeisle-blocks-advanced-heading-a7e505e3\" class=\"wp-block-themeisle-blocks-advanced-heading wp-block-themeisle-blocks-advanced-heading-a7e505e3\">Katri Luukkonen<\/h3>\n\n\n\n<p class=\"has-text-align-center\">Biohammasl\u00e4\u00e4k\u00e4ri Katri Luukkonen on eritt\u00e4in kokenut ja osaava erilaisten hammas- ja hyvinvointihaasteiden ratkaisijana. Katri hoitaa lempe\u00e4n tehokkaasti hampaasi erinomaiseen kuntoon alkutilanteesta riippumatta.<\/p>\n\n\n\n<div class=\"wp-block-buttons is-content-justification-center is-layout-flex wp-container-4 wp-block-buttons-is-layout-flex\">\n<div class=\"wp-block-button is-style-primary is-style-outline\"><a class=\"wp-block-button__link has-white-background-color has-background wp-element-button\" href=\"https:\/\/appointment.assiscare.com\/#clinident\/appointment\">VARAA AIKA KATRILLE HAMMASTARKASTUKSEEN ja konsultaatioon<\/a><\/div>\n<\/div>\n<\/div>\n\n\n\n<div id=\"wp-block-themeisle-blocks-advanced-column-dd8426d5\" class=\"wp-block-themeisle-blocks-advanced-column\">\n<figure class=\"wp-block-image alignleft size-large has-custom-border\"><img data-opt-src=\"https:\/\/mlmp3ufxmrke.i.optimole.com\/cb:Lcz9.50a86\/w:720\/h:1080\/q:mauto\/f:avif\/https:\/\/www.clinident.fi\/www\/wp-content\/uploads\/2026\/01\/IMG_0017.jpeg\"  decoding=\"async\" width=\"1020\" height=\"1530\" src=\"data:image/svg+xml,%3Csvg%20viewBox%3D%220%200%201020%201530%22%20width%3D%221020%22%20height%3D%221530%22%20xmlns%3D%22http%3A%2F%2Fwww.w3.org%2F2000%2Fsvg%22%3E%3C%2Fsvg%3E\" alt=\"\" class=\"wp-image-2148\" style=\"border-radius:3px\"\/><\/figure>\n\n\n\n<h3 id=\"wp-block-themeisle-blocks-advanced-heading-9de2f662\" class=\"wp-block-themeisle-blocks-advanced-heading wp-block-themeisle-blocks-advanced-heading-9de2f662\">Joel Mustonen<\/h3>\n\n\n\n<p class=\"has-text-align-center\">Kokenut suuhygienistimme Joel Mustonen tekee peruspuhdistukset, suositut soodapuhdistukset ja valkaisut. Tervetuloa nauttimaan puhtaasta suusta ja virke\u00e4mm\u00e4st\u00e4 hymyst\u00e4!<\/p>\n\n\n\n<div class=\"wp-block-buttons is-content-justification-center is-layout-flex wp-container-5 wp-block-buttons-is-layout-flex\">\n<div class=\"wp-block-button is-style-primary is-style-outline\"><a class=\"wp-block-button__link has-white-background-color has-background wp-element-button\" href=\"https:\/\/appointment.assiscare.com\/#clinident\/appointment\">VARAA AIKA Joelille<\/a><\/div>\n<\/div>\n<\/div>\n\n\n\n<div id=\"wp-block-themeisle-blocks-advanced-column-07b3d357\" class=\"wp-block-themeisle-blocks-advanced-column\">\n<figure class=\"wp-block-image aligncenter size-large has-custom-border\"><img data-opt-src=\"https:\/\/mlmp3ufxmrke.i.optimole.com\/cb:Lcz9.50a86\/w:720\/h:1080\/q:mauto\/f:avif\/https:\/\/www.clinident.fi\/www\/wp-content\/uploads\/2017\/06\/0G7A3661_tuula.jpg\"  decoding=\"async\" width=\"1020\" height=\"1530\" src=\"data:image/svg+xml,%3Csvg%20viewBox%3D%220%200%201020%201530%22%20width%3D%221020%22%20height%3D%221530%22%20xmlns%3D%22http%3A%2F%2Fwww.w3.org%2F2000%2Fsvg%22%3E%3C%2Fsvg%3E\" alt=\"\" class=\"wp-image-922\" style=\"border-radius:3px\"\/><\/figure>\n\n\n\n<h3 id=\"wp-block-themeisle-blocks-advanced-heading-c1dd424b\" class=\"wp-block-themeisle-blocks-advanced-heading wp-block-themeisle-blocks-advanced-heading-c1dd424b\">Toimistomme palvelee<\/h3>\n\n\n\n<p class=\"has-text-align-center\">Palvelemme teit\u00e4 mielell\u00e4mme my\u00f6s puhelimitse ja ohjaamme teit\u00e4 eteenp\u00e4in. Emme veloita erillisi\u00e4 toimistomaksuja.<\/p>\n\n\n\n<div class=\"wp-block-buttons is-content-justification-center is-layout-flex wp-container-6 wp-block-buttons-is-layout-flex\">\n<div class=\"wp-block-button is-style-primary is-style-outline\"><a class=\"wp-block-button__link has-foreground-color has-white-background-color has-text-color has-background wp-element-button\" href=\"tel:0103224010\">SOITA MEILLE 0103224010<\/a><\/div>\n<\/div>\n<\/div>\n<\/div><\/div>\n","protected":false},"excerpt":{"rendered":"","protected":false},"author":1,"featured_media":0,"parent":0,"menu_order":0,"comment_status":"closed","ping_status":"closed","template":"","meta":{"_themeisle_gutenberg_block_has_review":false,"footnotes":""},"acf":[],"_links":{"self":[{"href":"https:\/\/www.clinident.fi\/www\/wp-json\/wp\/v2\/pages\/1136"}],"collection":[{"href":"https:\/\/www.clinident.fi\/www\/wp-json\/wp\/v2\/pages"}],"about":[{"href":"https:\/\/www.clinident.fi\/www\/wp-json\/wp\/v2\/types\/page"}],"author":[{"embeddable":true,"href":"https:\/\/www.clinident.fi\/www\/wp-json\/wp\/v2\/users\/1"}],"replies":[{"embeddable":true,"href":"https:\/\/www.clinident.fi\/www\/wp-json\/wp\/v2\/comments?post=1136"}],"version-history":[{"count":23,"href":"https:\/\/www.clinident.fi\/www\/wp-json\/wp\/v2\/pages\/1136\/revisions"}],"predecessor-version":[{"id":1841,"href":"https:\/\/www.clinident.fi\/www\/wp-json\/wp\/v2\/pages\/1136\/revisions\/1841"}],"wp:attachment":[{"href":"https:\/\/www.clinident.fi\/www\/wp-json\/wp\/v2\/media?parent=1136"}],"curies":[{"name":"wp","href":"https:\/\/api.w.org\/{rel}","templated":true}]}}